{"id":3327,"date":"2025-08-06T21:11:43","date_gmt":"2025-08-06T19:11:43","guid":{"rendered":"https:\/\/blog.brand-architecture.at\/casa\/"},"modified":"2026-02-24T14:05:30","modified_gmt":"2026-02-24T13:05:30","slug":"casa","status":"publish","type":"page","link":"https:\/\/swisstrans.info\/pt-pt\/","title":{"rendered":"Casa"},"content":{"rendered":"","protected":false},"excerpt":{"rendered":"","protected":false},"author":1,"featured_media":-1,"parent":0,"menu_order":0,"comment_status":"open","ping_status":"closed","template":"","meta":{"_acf_changed":false,"footnotes":""},"class_list":["post-3327","page","type-page","status-publish","has-post-thumbnail","hentry"],"acf":[],"yoast_head":"<!-- This site is optimized with the Yoast SEO plugin v27.5 - https:\/\/yoast.com\/product\/yoast-seo-wordpress\/ -->\n<title>Swisstrans - Casa<\/title>\n<meta name=\"description\" content=\"A Swisstrans \u00e9 uma plataforma de informa\u00e7\u00e3o para transporte e log\u00edstica na Su\u00ed\u00e7a, existente desde 2002, que liga expedidores a fornecedores de produtos e servi\u00e7os.\" \/>\n<meta name=\"robots\" content=\"index, follow, max-snippet:-1, max-image-preview:large, max-video-preview:-1\" \/>\n<link rel=\"canonical\" href=\"https:\/\/swisstrans.info\/pt-pt\/\" \/>\n<meta property=\"og:locale\" content=\"pt_PT\" \/>\n<meta property=\"og:type\" content=\"article\" \/>\n<meta property=\"og:title\" content=\"Swisstrans - Casa\" \/>\n<meta property=\"og:description\" content=\"A Swisstrans \u00e9 uma plataforma de informa\u00e7\u00e3o para transporte e log\u00edstica na Su\u00ed\u00e7a, existente desde 2002, que liga expedidores a fornecedores de produtos e servi\u00e7os.\" \/>\n<meta property=\"og:url\" content=\"https:\/\/swisstrans.info\/pt-pt\/\" \/>\n<meta property=\"og:site_name\" content=\"Swisstrans\" \/>\n<meta property=\"article:modified_time\" content=\"2026-02-24T13:05:30+00:00\" \/>\n<meta name=\"twitter:card\" content=\"summary_large_image\" \/>\n<script type=\"application\/ld+json\" class=\"yoast-schema-graph\">{\"@context\":\"https:\\\/\\\/schema.org\",\"@graph\":[{\"@type\":\"WebPage\",\"@id\":\"https:\\\/\\\/swisstrans.info\\\/pt-pt\\\/\",\"url\":\"https:\\\/\\\/swisstrans.info\\\/pt-pt\\\/\",\"name\":\"Swisstrans - Casa\",\"isPartOf\":{\"@id\":\"https:\\\/\\\/swisstrans.info\\\/pt-pt\\\/#website\"},\"datePublished\":\"2025-08-06T19:11:43+00:00\",\"dateModified\":\"2026-02-24T13:05:30+00:00\",\"description\":\"A Swisstrans \u00e9 uma plataforma de informa\u00e7\u00e3o para transporte e log\u00edstica na Su\u00ed\u00e7a, existente desde 2002, que liga expedidores a fornecedores de produtos e servi\u00e7os.\",\"breadcrumb\":{\"@id\":\"https:\\\/\\\/swisstrans.info\\\/pt-pt\\\/#breadcrumb\"},\"inLanguage\":\"pt-PT\",\"potentialAction\":[{\"@type\":\"ReadAction\",\"target\":[\"https:\\\/\\\/swisstrans.info\\\/pt-pt\\\/\"]}]},{\"@type\":\"BreadcrumbList\",\"@id\":\"https:\\\/\\\/swisstrans.info\\\/pt-pt\\\/#breadcrumb\",\"itemListElement\":[{\"@type\":\"ListItem\",\"position\":1,\"name\":\"Startseite\",\"item\":\"https:\\\/\\\/swisstrans.info\\\/pt-pt\\\/\"},{\"@type\":\"ListItem\",\"position\":2,\"name\":\"Casa\"}]},{\"@type\":\"WebSite\",\"@id\":\"https:\\\/\\\/swisstrans.info\\\/pt-pt\\\/#website\",\"url\":\"https:\\\/\\\/swisstrans.info\\\/pt-pt\\\/\",\"name\":\"Swisstrans\",\"description\":\"A Swisstrans \u00e9 uma plataforma de informa\u00e7\u00e3o para transporte e log\u00edstica na Su\u00ed\u00e7a, existente desde 2002, que liga expedidores a fornecedores de produtos e servi\u00e7os.\",\"publisher\":{\"@id\":\"https:\\\/\\\/swisstrans.info\\\/pt-pt\\\/#organization\"},\"potentialAction\":[{\"@type\":\"SearchAction\",\"target\":{\"@type\":\"EntryPoint\",\"urlTemplate\":\"https:\\\/\\\/swisstrans.info\\\/pt-pt\\\/?s={search_term_string}\"},\"query-input\":{\"@type\":\"PropertyValueSpecification\",\"valueRequired\":true,\"valueName\":\"search_term_string\"}}],\"inLanguage\":\"pt-PT\"},{\"@type\":\"Organization\",\"@id\":\"https:\\\/\\\/swisstrans.info\\\/pt-pt\\\/#organization\",\"name\":\"Logismedia Group AG\",\"alternateName\":\"Logismedia Group AG\",\"url\":\"https:\\\/\\\/swisstrans.info\\\/pt-pt\\\/\",\"logo\":{\"@type\":\"ImageObject\",\"inLanguage\":\"pt-PT\",\"@id\":\"https:\\\/\\\/swisstrans.info\\\/pt-pt\\\/#\\\/schema\\\/logo\\\/image\\\/\",\"url\":\"https:\\\/\\\/swisstrans.info\\\/wp-content\\\/uploads\\\/sites\\\/8\\\/2026\\\/01\\\/swisstrans_logo.png\",\"contentUrl\":\"https:\\\/\\\/swisstrans.info\\\/wp-content\\\/uploads\\\/sites\\\/8\\\/2026\\\/01\\\/swisstrans_logo.png\",\"width\":823,\"height\":164,\"caption\":\"Logismedia Group AG\"},\"image\":{\"@id\":\"https:\\\/\\\/swisstrans.info\\\/pt-pt\\\/#\\\/schema\\\/logo\\\/image\\\/\"},\"sameAs\":[\"https:\\\/\\\/www.linkedin.com\\\/showcase\\\/swisstrans-info\\\/\"]}]}<\/script>\n<!-- \/ Yoast SEO plugin. -->","yoast_head_json":{"title":"Swisstrans - Casa","description":"A Swisstrans \u00e9 uma plataforma de informa\u00e7\u00e3o para transporte e log\u00edstica na Su\u00ed\u00e7a, existente desde 2002, que liga expedidores a fornecedores de produtos e servi\u00e7os.","robots":{"index":"index","follow":"follow","max-snippet":"max-snippet:-1","max-image-preview":"max-image-preview:large","max-video-preview":"max-video-preview:-1"},"canonical":"https:\/\/swisstrans.info\/pt-pt\/","og_locale":"pt_PT","og_type":"article","og_title":"Swisstrans - Casa","og_description":"A Swisstrans \u00e9 uma plataforma de informa\u00e7\u00e3o para transporte e log\u00edstica na Su\u00ed\u00e7a, existente desde 2002, que liga expedidores a fornecedores de produtos e servi\u00e7os.","og_url":"https:\/\/swisstrans.info\/pt-pt\/","og_site_name":"Swisstrans","article_modified_time":"2026-02-24T13:05:30+00:00","twitter_card":"summary_large_image","schema":{"@context":"https:\/\/schema.org","@graph":[{"@type":"WebPage","@id":"https:\/\/swisstrans.info\/pt-pt\/","url":"https:\/\/swisstrans.info\/pt-pt\/","name":"Swisstrans - Casa","isPartOf":{"@id":"https:\/\/swisstrans.info\/pt-pt\/#website"},"datePublished":"2025-08-06T19:11:43+00:00","dateModified":"2026-02-24T13:05:30+00:00","description":"A Swisstrans \u00e9 uma plataforma de informa\u00e7\u00e3o para transporte e log\u00edstica na Su\u00ed\u00e7a, existente desde 2002, que liga expedidores a fornecedores de produtos e servi\u00e7os.","breadcrumb":{"@id":"https:\/\/swisstrans.info\/pt-pt\/#breadcrumb"},"inLanguage":"pt-PT","potentialAction":[{"@type":"ReadAction","target":["https:\/\/swisstrans.info\/pt-pt\/"]}]},{"@type":"BreadcrumbList","@id":"https:\/\/swisstrans.info\/pt-pt\/#breadcrumb","itemListElement":[{"@type":"ListItem","position":1,"name":"Startseite","item":"https:\/\/swisstrans.info\/pt-pt\/"},{"@type":"ListItem","position":2,"name":"Casa"}]},{"@type":"WebSite","@id":"https:\/\/swisstrans.info\/pt-pt\/#website","url":"https:\/\/swisstrans.info\/pt-pt\/","name":"Swisstrans","description":"A Swisstrans \u00e9 uma plataforma de informa\u00e7\u00e3o para transporte e log\u00edstica na Su\u00ed\u00e7a, existente desde 2002, que liga expedidores a fornecedores de produtos e servi\u00e7os.","publisher":{"@id":"https:\/\/swisstrans.info\/pt-pt\/#organization"},"potentialAction":[{"@type":"SearchAction","target":{"@type":"EntryPoint","urlTemplate":"https:\/\/swisstrans.info\/pt-pt\/?s={search_term_string}"},"query-input":{"@type":"PropertyValueSpecification","valueRequired":true,"valueName":"search_term_string"}}],"inLanguage":"pt-PT"},{"@type":"Organization","@id":"https:\/\/swisstrans.info\/pt-pt\/#organization","name":"Logismedia Group AG","alternateName":"Logismedia Group AG","url":"https:\/\/swisstrans.info\/pt-pt\/","logo":{"@type":"ImageObject","inLanguage":"pt-PT","@id":"https:\/\/swisstrans.info\/pt-pt\/#\/schema\/logo\/image\/","url":"https:\/\/swisstrans.info\/wp-content\/uploads\/sites\/8\/2026\/01\/swisstrans_logo.png","contentUrl":"https:\/\/swisstrans.info\/wp-content\/uploads\/sites\/8\/2026\/01\/swisstrans_logo.png","width":823,"height":164,"caption":"Logismedia Group AG"},"image":{"@id":"https:\/\/swisstrans.info\/pt-pt\/#\/schema\/logo\/image\/"},"sameAs":["https:\/\/www.linkedin.com\/showcase\/swisstrans-info\/"]}]}},"_links":{"self":[{"href":"https:\/\/swisstrans.info\/pt-pt\/wp-json\/wp\/v2\/pages\/3327","targetHints":{"allow":["GET"]}}],"collection":[{"href":"https:\/\/swisstrans.info\/pt-pt\/wp-json\/wp\/v2\/pages"}],"about":[{"href":"https:\/\/swisstrans.info\/pt-pt\/wp-json\/wp\/v2\/types\/page"}],"author":[{"embeddable":true,"href":"https:\/\/swisstrans.info\/pt-pt\/wp-json\/wp\/v2\/users\/1"}],"replies":[{"embeddable":true,"href":"https:\/\/swisstrans.info\/pt-pt\/wp-json\/wp\/v2\/comments?post=3327"}],"version-history":[{"count":1,"href":"https:\/\/swisstrans.info\/pt-pt\/wp-json\/wp\/v2\/pages\/3327\/revisions"}],"predecessor-version":[{"id":3329,"href":"https:\/\/swisstrans.info\/pt-pt\/wp-json\/wp\/v2\/pages\/3327\/revisions\/3329"}],"wp:featuredmedia":[{"embeddable":true,"href":"https:\/\/swisstrans.info\/pt-pt\/wp-json\/"}],"wp:attachment":[{"href":"https:\/\/swisstrans.info\/pt-pt\/wp-json\/wp\/v2\/media?parent=3327"}],"curies":[{"name":"wp","href":"https:\/\/api.w.org\/{rel}","templated":true}]}}