{"id":3351,"date":"2025-09-03T10:39:02","date_gmt":"2025-09-03T08:39:02","guid":{"rendered":"https:\/\/blog.brand-architecture.at\/contacto\/"},"modified":"2026-01-26T20:30:59","modified_gmt":"2026-01-26T19:30:59","slug":"contacto","status":"publish","type":"page","link":"https:\/\/swisstrans.info\/pt-pt\/contacto\/","title":{"rendered":"Contacto"},"content":{"rendered":"","protected":false},"excerpt":{"rendered":"","protected":false},"author":1,"featured_media":-1,"parent":0,"menu_order":0,"comment_status":"open","ping_status":"closed","template":"","meta":{"_acf_changed":false,"footnotes":""},"class_list":["post-3351","page","type-page","status-publish","has-post-thumbnail","hentry"],"acf":[],"yoast_head":"<!-- This site is optimized with the Yoast SEO plugin v27.3 - https:\/\/yoast.com\/product\/yoast-seo-wordpress\/ -->\n<title>Swisstrans - Contacto<\/title>\n<meta name=\"robots\" content=\"index, follow, max-snippet:-1, max-image-preview:large, max-video-preview:-1\" \/>\n<link rel=\"canonical\" href=\"https:\/\/swisstrans.info\/pt-pt\/contacto\/\" \/>\n<meta property=\"og:locale\" content=\"pt_PT\" \/>\n<meta property=\"og:type\" content=\"article\" \/>\n<meta property=\"og:title\" content=\"Swisstrans - Contacto\" \/>\n<meta property=\"og:url\" content=\"https:\/\/swisstrans.info\/pt-pt\/contacto\/\" \/>\n<meta property=\"og:site_name\" content=\"Swisstrans\" \/>\n<meta property=\"article:modified_time\" content=\"2026-01-26T19:30:59+00:00\" \/>\n<meta name=\"twitter:card\" content=\"summary_large_image\" \/>\n<script type=\"application\/ld+json\" class=\"yoast-schema-graph\">{\"@context\":\"https:\\\/\\\/schema.org\",\"@graph\":[{\"@type\":\"WebPage\",\"@id\":\"https:\\\/\\\/swisstrans.info\\\/pt-pt\\\/contacto\\\/\",\"url\":\"https:\\\/\\\/swisstrans.info\\\/pt-pt\\\/contacto\\\/\",\"name\":\"Swisstrans - Contacto\",\"isPartOf\":{\"@id\":\"https:\\\/\\\/swisstrans.info\\\/pt-pt\\\/#website\"},\"datePublished\":\"2025-09-03T08:39:02+00:00\",\"dateModified\":\"2026-01-26T19:30:59+00:00\",\"breadcrumb\":{\"@id\":\"https:\\\/\\\/swisstrans.info\\\/pt-pt\\\/contacto\\\/#breadcrumb\"},\"inLanguage\":\"pt-PT\",\"potentialAction\":[{\"@type\":\"ReadAction\",\"target\":[\"https:\\\/\\\/swisstrans.info\\\/pt-pt\\\/contacto\\\/\"]}]},{\"@type\":\"BreadcrumbList\",\"@id\":\"https:\\\/\\\/swisstrans.info\\\/pt-pt\\\/contacto\\\/#breadcrumb\",\"itemListElement\":[{\"@type\":\"ListItem\",\"position\":1,\"name\":\"Startseite\",\"item\":\"https:\\\/\\\/swisstrans.info\\\/pt-pt\\\/\"},{\"@type\":\"ListItem\",\"position\":2,\"name\":\"Contacto\"}]},{\"@type\":\"WebSite\",\"@id\":\"https:\\\/\\\/swisstrans.info\\\/pt-pt\\\/#website\",\"url\":\"https:\\\/\\\/swisstrans.info\\\/pt-pt\\\/\",\"name\":\"Swisstrans\",\"description\":\"A Swisstrans \u00e9 uma plataforma de informa\u00e7\u00e3o para transporte e log\u00edstica na Su\u00ed\u00e7a, existente desde 2002, que liga expedidores a fornecedores de produtos e servi\u00e7os.\",\"publisher\":{\"@id\":\"https:\\\/\\\/swisstrans.info\\\/pt-pt\\\/#organization\"},\"potentialAction\":[{\"@type\":\"SearchAction\",\"target\":{\"@type\":\"EntryPoint\",\"urlTemplate\":\"https:\\\/\\\/swisstrans.info\\\/pt-pt\\\/?s={search_term_string}\"},\"query-input\":{\"@type\":\"PropertyValueSpecification\",\"valueRequired\":true,\"valueName\":\"search_term_string\"}}],\"inLanguage\":\"pt-PT\"},{\"@type\":\"Organization\",\"@id\":\"https:\\\/\\\/swisstrans.info\\\/pt-pt\\\/#organization\",\"name\":\"Logismedia Group AG\",\"alternateName\":\"Logismedia Group AG\",\"url\":\"https:\\\/\\\/swisstrans.info\\\/pt-pt\\\/\",\"logo\":{\"@type\":\"ImageObject\",\"inLanguage\":\"pt-PT\",\"@id\":\"https:\\\/\\\/swisstrans.info\\\/pt-pt\\\/#\\\/schema\\\/logo\\\/image\\\/\",\"url\":\"https:\\\/\\\/swisstrans.info\\\/wp-content\\\/uploads\\\/sites\\\/8\\\/2026\\\/01\\\/swisstrans_logo.png\",\"contentUrl\":\"https:\\\/\\\/swisstrans.info\\\/wp-content\\\/uploads\\\/sites\\\/8\\\/2026\\\/01\\\/swisstrans_logo.png\",\"width\":823,\"height\":164,\"caption\":\"Logismedia Group AG\"},\"image\":{\"@id\":\"https:\\\/\\\/swisstrans.info\\\/pt-pt\\\/#\\\/schema\\\/logo\\\/image\\\/\"},\"sameAs\":[\"https:\\\/\\\/www.linkedin.com\\\/showcase\\\/swisstrans-info\\\/\"]}]}<\/script>\n<!-- \/ Yoast SEO plugin. -->","yoast_head_json":{"title":"Swisstrans - Contacto","robots":{"index":"index","follow":"follow","max-snippet":"max-snippet:-1","max-image-preview":"max-image-preview:large","max-video-preview":"max-video-preview:-1"},"canonical":"https:\/\/swisstrans.info\/pt-pt\/contacto\/","og_locale":"pt_PT","og_type":"article","og_title":"Swisstrans - Contacto","og_url":"https:\/\/swisstrans.info\/pt-pt\/contacto\/","og_site_name":"Swisstrans","article_modified_time":"2026-01-26T19:30:59+00:00","twitter_card":"summary_large_image","schema":{"@context":"https:\/\/schema.org","@graph":[{"@type":"WebPage","@id":"https:\/\/swisstrans.info\/pt-pt\/contacto\/","url":"https:\/\/swisstrans.info\/pt-pt\/contacto\/","name":"Swisstrans - Contacto","isPartOf":{"@id":"https:\/\/swisstrans.info\/pt-pt\/#website"},"datePublished":"2025-09-03T08:39:02+00:00","dateModified":"2026-01-26T19:30:59+00:00","breadcrumb":{"@id":"https:\/\/swisstrans.info\/pt-pt\/contacto\/#breadcrumb"},"inLanguage":"pt-PT","potentialAction":[{"@type":"ReadAction","target":["https:\/\/swisstrans.info\/pt-pt\/contacto\/"]}]},{"@type":"BreadcrumbList","@id":"https:\/\/swisstrans.info\/pt-pt\/contacto\/#breadcrumb","itemListElement":[{"@type":"ListItem","position":1,"name":"Startseite","item":"https:\/\/swisstrans.info\/pt-pt\/"},{"@type":"ListItem","position":2,"name":"Contacto"}]},{"@type":"WebSite","@id":"https:\/\/swisstrans.info\/pt-pt\/#website","url":"https:\/\/swisstrans.info\/pt-pt\/","name":"Swisstrans","description":"A Swisstrans \u00e9 uma plataforma de informa\u00e7\u00e3o para transporte e log\u00edstica na Su\u00ed\u00e7a, existente desde 2002, que liga expedidores a fornecedores de produtos e servi\u00e7os.","publisher":{"@id":"https:\/\/swisstrans.info\/pt-pt\/#organization"},"potentialAction":[{"@type":"SearchAction","target":{"@type":"EntryPoint","urlTemplate":"https:\/\/swisstrans.info\/pt-pt\/?s={search_term_string}"},"query-input":{"@type":"PropertyValueSpecification","valueRequired":true,"valueName":"search_term_string"}}],"inLanguage":"pt-PT"},{"@type":"Organization","@id":"https:\/\/swisstrans.info\/pt-pt\/#organization","name":"Logismedia Group AG","alternateName":"Logismedia Group AG","url":"https:\/\/swisstrans.info\/pt-pt\/","logo":{"@type":"ImageObject","inLanguage":"pt-PT","@id":"https:\/\/swisstrans.info\/pt-pt\/#\/schema\/logo\/image\/","url":"https:\/\/swisstrans.info\/wp-content\/uploads\/sites\/8\/2026\/01\/swisstrans_logo.png","contentUrl":"https:\/\/swisstrans.info\/wp-content\/uploads\/sites\/8\/2026\/01\/swisstrans_logo.png","width":823,"height":164,"caption":"Logismedia Group AG"},"image":{"@id":"https:\/\/swisstrans.info\/pt-pt\/#\/schema\/logo\/image\/"},"sameAs":["https:\/\/www.linkedin.com\/showcase\/swisstrans-info\/"]}]}},"_links":{"self":[{"href":"https:\/\/swisstrans.info\/pt-pt\/wp-json\/wp\/v2\/pages\/3351","targetHints":{"allow":["GET"]}}],"collection":[{"href":"https:\/\/swisstrans.info\/pt-pt\/wp-json\/wp\/v2\/pages"}],"about":[{"href":"https:\/\/swisstrans.info\/pt-pt\/wp-json\/wp\/v2\/types\/page"}],"author":[{"embeddable":true,"href":"https:\/\/swisstrans.info\/pt-pt\/wp-json\/wp\/v2\/users\/1"}],"replies":[{"embeddable":true,"href":"https:\/\/swisstrans.info\/pt-pt\/wp-json\/wp\/v2\/comments?post=3351"}],"version-history":[{"count":1,"href":"https:\/\/swisstrans.info\/pt-pt\/wp-json\/wp\/v2\/pages\/3351\/revisions"}],"predecessor-version":[{"id":3352,"href":"https:\/\/swisstrans.info\/pt-pt\/wp-json\/wp\/v2\/pages\/3351\/revisions\/3352"}],"wp:featuredmedia":[{"embeddable":true,"href":"https:\/\/swisstrans.info\/pt-pt\/wp-json\/"}],"wp:attachment":[{"href":"https:\/\/swisstrans.info\/pt-pt\/wp-json\/wp\/v2\/media?parent=3351"}],"curies":[{"name":"wp","href":"https:\/\/api.w.org\/{rel}","templated":true}]}}